{"id":34,"date":"2024-11-05T17:14:21","date_gmt":"2024-11-05T16:14:21","guid":{"rendered":"https:\/\/iptc.upm.es\/simbat\/index.php\/brite\/"},"modified":"2024-12-19T17:25:35","modified_gmt":"2024-12-19T16:25:35","slug":"brite","status":"publish","type":"page","link":"https:\/\/iptc.upm.es\/simbat\/","title":{"rendered":"Front Page"},"content":{"rendered":"<div data-colibri-id=\"34-c1\" class=\"style-186 style-local-34-c1 position-relative\">\r\n  <!---->\r\n  <div data-colibri-component=\"section\" data-colibri-id=\"34-c2\" id=\"about\" class=\"h-section h-section-global-spacing d-flex align-items-lg-center align-items-md-center align-items-center style-360 style-local-34-c2 position-relative\">\r\n    <!---->\r\n    <!---->\r\n    <div class=\"h-section-grid-container h-section-boxed-container\">\r\n      <!---->\r\n      <div data-colibri-id=\"34-c3\" class=\"h-row-container gutters-row-lg-2 gutters-row-md-2 gutters-row-2 gutters-row-v-lg-2 gutters-row-v-md-2 gutters-row-v-2 style-361 style-local-34-c3 position-relative\">\r\n        <!---->\r\n        <div class=\"h-row justify-content-lg-center justify-content-md-center justify-content-center align-items-lg-stretch align-items-md-stretch align-items-stretch gutters-col-lg-2 gutters-col-md-2 gutters-col-2 gutters-col-v-lg-2 gutters-col-v-md-2 gutters-col-v-2\">\r\n          <!---->\r\n          <div class=\"h-column h-column-container d-flex h-col-lg-auto h-col-md-auto h-col-auto style-362-outer style-local-34-c4-outer\">\r\n            <div data-colibri-id=\"34-c4\" class=\"d-flex h-flex-basis h-column__inner h-px-lg-2 h-px-md-2 h-px-2 v-inner-lg-2 v-inner-md-2 v-inner-2 style-362 style-local-34-c4 position-relative\">\r\n              <!---->\r\n              <!---->\r\n              <div class=\"w-100 h-y-container h-column__content h-column__v-align flex-basis-100 align-self-lg-center align-self-md-center align-self-center\">\r\n                <!---->\r\n                <div data-colibri-id=\"34-c5\" class=\"h-global-transition-all h-heading style-363 style-local-34-c5 position-relative h-element\">\r\n                  <!---->\r\n                  <div class=\"h-heading__outer style-363 style-local-34-c5\">\r\n                    <!---->\r\n                    <!---->\r\n                    <h5 class=\"\">SUBPROYECTO SIMBAT 1<\/h5>\r\n                  <\/div>\r\n                <\/div>\r\n                <div data-colibri-id=\"34-c6\" class=\"h-lead h-text h-text-component style-365 style-local-34-c6 position-relative h-element\">\r\n                  <!---->\r\n                  <!---->\r\n                  <div class=\"\">\r\n                    <p>El <strong>subproyecto SIMBAT 1, <\/strong>proyecto coordinador, est\u00e1 orientado a gestionar la consecuci\u00f3n de un producto m\u00ednimo viable que integre los resultados del previo UTMOST, ejerciendo una coordinaci\u00f3n efectiva de las actividades\r\n                      de innovaci\u00f3n y transferencia.&nbsp;Adem\u00e1s, busca consolidar los resultados de investigaci\u00f3n relacionados con:<\/p>\r\n                    <p>a)&nbsp;&nbsp;&nbsp;&nbsp;Arquitectura Cloud de gesti\u00f3n de flotas de drones.<\/p>\r\n                    <p>b)&nbsp;&nbsp;&nbsp;&nbsp;Simulador de contingencias de operaci\u00f3n y tr\u00e1fico.<\/p>\r\n                    <p>c)&nbsp;&nbsp;&nbsp;&nbsp;Sistema de control de vuelo automatizado.<\/p>\r\n                    <p>d)&nbsp;&nbsp;&nbsp; Algoritmos (embarcados y en Edge) de visi\u00f3n artificial y fusi\u00f3n en tiempo real, a trav\u00e9s de la mejora tecnol\u00f3gica y evoluci\u00f3n hacia un producto pre-comercial de los desarrollos existentes, que hasta la fecha se\r\n                      han difundido a trav\u00e9s de publicaciones cient\u00edficas y han dado lugar a tesis doctoras y otros trabajos acad\u00e9micos.<\/p>\r\n                  <\/div>\r\n                <\/div>\r\n              <\/div>\r\n            <\/div>\r\n          <\/div>\r\n          <div class=\"h-column h-column-container d-flex h-col-lg-auto h-col-md-auto h-col-auto style-368-outer style-local-34-c7-outer\">\r\n            <div data-colibri-id=\"34-c7\" class=\"d-flex h-flex-basis h-column__inner h-px-lg-2 h-px-md-2 h-px-2 v-inner-lg-2 v-inner-md-2 v-inner-2 style-368 style-local-34-c7 position-relative\">\r\n              <!---->\r\n              <!---->\r\n              <div class=\"w-100 h-y-container h-column__content h-column__v-align flex-basis-100 align-self-lg-center align-self-md-center align-self-center\">\r\n                <!---->\r\n                <div data-colibri-id=\"34-c8\" class=\"d-block style-369 style-local-34-c8 position-relative h-element\">\r\n                  <!---->\r\n                  <div class=\"h-image__frame-container-outer\">\r\n                    <div class=\"h-image__frame-container\">\r\n                      <!---->\r\n                      <!---->\r\n                      <img loading=\"lazy\" decoding=\"async\" width=\"1024\" height=\"1024\" src=\"https:\/\/iptc.upm.es\/simbat\/wp-content\/uploads\/2024\/12\/simbat1.jpg\" class=\"wp-image-160 style-369-image style-local-34-c8-image\" alt=\"\" srcset=\"https:\/\/iptc.upm.es\/simbat\/wp-content\/uploads\/2024\/12\/simbat1.jpg 1024w, https:\/\/iptc.upm.es\/simbat\/wp-content\/uploads\/2024\/12\/simbat1-300x300.jpg 300w, https:\/\/iptc.upm.es\/simbat\/wp-content\/uploads\/2024\/12\/simbat1-150x150.jpg 150w, https:\/\/iptc.upm.es\/simbat\/wp-content\/uploads\/2024\/12\/simbat1-768x768.jpg 768w\" sizes=\"auto, (max-width: 1024px) 100vw, 1024px\" \/>\r\n                      <div class=\"h-image__frame h-hide-lg h-hide-md h-hide-sm style-369-frameImage style-local-34-c8-frameImage\"><\/div>\r\n                    <\/div>\r\n                  <\/div>\r\n                <\/div>\r\n              <\/div>\r\n            <\/div>\r\n          <\/div>\r\n        <\/div>\r\n      <\/div>\r\n    <\/div>\r\n  <\/div>\r\n  <div data-colibri-component=\"section\" data-colibri-id=\"34-c9\" id=\"custom\" class=\"h-section h-section-global-spacing d-flex align-items-lg-center align-items-md-center align-items-center style-404 style-local-34-c9 position-relative\">\r\n    <!---->\r\n    <!---->\r\n    <div class=\"h-section-grid-container h-section-boxed-container\">\r\n      <!---->\r\n      <div data-colibri-id=\"34-c10\" class=\"h-row-container gutters-row-lg-2 gutters-row-md-2 gutters-row-0 gutters-row-v-lg-2 gutters-row-v-md-2 gutters-row-v-2 style-405 style-local-34-c10 position-relative\">\r\n        <!---->\r\n        <div class=\"h-row justify-content-lg-center justify-content-md-center justify-content-center align-items-lg-stretch align-items-md-stretch align-items-stretch gutters-col-lg-2 gutters-col-md-2 gutters-col-0 gutters-col-v-lg-2 gutters-col-v-md-2 gutters-col-v-2\">\r\n          <!---->\r\n          <div class=\"h-column h-column-container d-flex h-col-lg-auto h-col-md-auto h-col-auto style-406-outer style-local-34-c11-outer\">\r\n            <div data-colibri-id=\"34-c11\" class=\"d-flex h-flex-basis h-column__inner h-px-lg-2 h-px-md-2 h-px-2 v-inner-lg-2 v-inner-md-2 v-inner-2 style-406 style-local-34-c11 position-relative\">\r\n              <!---->\r\n              <!---->\r\n              <div class=\"w-100 h-y-container h-column__content h-column__v-align flex-basis-100 align-self-lg-start align-self-md-start align-self-start\">\r\n                <!---->\r\n                <div data-colibri-id=\"34-c12\" class=\"d-block style-419 style-local-34-c12 position-relative h-element\">\r\n                  <!---->\r\n                  <div class=\"h-image__frame-container-outer\">\r\n                    <div class=\"h-image__frame-container\">\r\n                      <!---->\r\n                      <!---->\r\n                      <img loading=\"lazy\" decoding=\"async\" width=\"1024\" height=\"1024\" src=\"https:\/\/iptc.upm.es\/simbat\/wp-content\/uploads\/2024\/11\/simbat.png\" class=\"wp-image-78 style-419-image style-local-34-c12-image\" alt=\"\" srcset=\"https:\/\/iptc.upm.es\/simbat\/wp-content\/uploads\/2024\/11\/simbat.png 1024w, https:\/\/iptc.upm.es\/simbat\/wp-content\/uploads\/2024\/11\/simbat-300x300.png 300w, https:\/\/iptc.upm.es\/simbat\/wp-content\/uploads\/2024\/11\/simbat-150x150.png 150w, https:\/\/iptc.upm.es\/simbat\/wp-content\/uploads\/2024\/11\/simbat-768x768.png 768w\" sizes=\"auto, (max-width: 1024px) 100vw, 1024px\" \/>\r\n                      <div class=\"h-image__frame h-hide-lg h-hide-md h-hide-sm style-419-frameImage style-local-34-c12-frameImage\"><\/div>\r\n                    <\/div>\r\n                  <\/div>\r\n                <\/div>\r\n              <\/div>\r\n            <\/div>\r\n          <\/div>\r\n          <div class=\"h-column h-column-container d-flex h-col-lg-auto h-col-md-auto h-col-auto style-407-outer style-local-34-c13-outer\">\r\n            <div data-colibri-id=\"34-c13\" class=\"d-flex h-flex-basis h-column__inner h-px-lg-2 h-px-md-2 h-px-2 v-inner-lg-2 v-inner-md-2 v-inner-2 style-407 style-local-34-c13 position-relative\">\r\n              <!---->\r\n              <!---->\r\n              <div class=\"w-100 h-y-container h-column__content h-column__v-align flex-basis-100 align-self-lg-center align-self-md-center align-self-center\">\r\n                <!---->\r\n                <div data-colibri-id=\"34-c14\" class=\"h-text h-text-component style-426 style-local-34-c14 position-relative h-element\">\r\n                  <!---->\r\n                  <!---->\r\n                  <div class=\"\">\r\n                    <h5>SUBPROYECTO SIMBAT 2<\/h5>\r\n                  <\/div>\r\n                <\/div>\r\n                <div data-colibri-id=\"34-c15\" class=\"h-text h-text-component style-425 style-local-34-c15 position-relative h-element\">\r\n                  <!---->\r\n                  <!---->\r\n                  <div class=\"\">\r\n                    <p>El <strong>subproyecto 2 de SIMBAT<\/strong>, proyecto coordinado, esta alineado con los objetivos a alcanzar un producto m\u00ednimo viable (MVP) a partir de los resultados cient\u00edfico \u2013 t\u00e9cnicos del proyecto UTMOTS, mediante actividades\r\n                      de innovaci\u00f3n y transferencia.<\/p>\r\n                    <p>SIMBAT-2, adem\u00e1s, coordinar\u00e1 las actividades transferencia de tecnolog\u00eda, difusi\u00f3n y divulgaci\u00f3n de los resultados, facilitando que los resultados de investigaci\u00f3n subyacentes queden disponibles de forma abierta y participando activamente\r\n                      en sesiones divulgativas y foros que permitan extender el alcance del proyecto a diferentes sectores sociales, adem\u00e1s de empresas e instituciones directamente interesadas en la transferencia de los resultados mencionados.<\/p>\r\n                  <\/div>\r\n                <\/div>\r\n              <\/div>\r\n            <\/div>\r\n          <\/div>\r\n        <\/div>\r\n      <\/div>\r\n    <\/div>\r\n  <\/div>\r\n  <div data-colibri-component=\"section\" data-colibri-id=\"34-c16\" id=\"overlappable\" class=\"h-section h-section-global-spacing d-flex align-items-lg-center align-items-md-center align-items-center style-354 style-local-34-c16 position-relative\">\r\n    <!---->\r\n    <!---->\r\n    <div class=\"h-section-grid-container h-section-fluid-container\">\r\n      <!---->\r\n      <div data-colibri-id=\"34-c17\" class=\"h-row-container gutters-row-lg-2 gutters-row-md-0 gutters-row-2 gutters-row-v-lg-2 gutters-row-v-md-0 gutters-row-v-2 style-355 style-local-34-c17 position-relative\">\r\n        <!---->\r\n        <div class=\"h-row justify-content-lg-center justify-content-md-center justify-content-center align-items-lg-stretch align-items-md-stretch align-items-stretch gutters-col-lg-2 gutters-col-md-0 gutters-col-2 gutters-col-v-lg-2 gutters-col-v-md-0 gutters-col-v-2\">\r\n          <!---->\r\n          <div class=\"h-column h-column-container d-flex h-col-lg-4 h-col-md-4 h-col-12 style-356-outer style-local-34-c18-outer\">\r\n            <div data-colibri-id=\"34-c18\" class=\"d-flex h-flex-basis h-column__inner h-px-lg-2 h-px-md-3 h-px-2 v-inner-lg-0 v-inner-md-3 v-inner-2 style-356 style-local-34-c18 position-relative\">\r\n              <!---->\r\n              <!---->\r\n              <div class=\"w-100 h-y-container h-column__content h-column__v-align flex-basis-100 align-self-lg-start align-self-md-start align-self-start\">\r\n                <!---->\r\n                <div data-colibri-id=\"34-c19\" class=\"h-icon style-357 style-local-34-c19 position-relative h-element\">\r\n                  <!----><span class=\"h-svg-icon h-icon__icon style-357-icon style-local-34-c19-icon\"><!--Icon by Font Awesome (https:\/\/fontawesome.com)-->\r\n    <svg version=\"1.1\" xmlns=\"http:\/\/www.w3.org\/2000\/svg\" xmlns:xlink=\"http:\/\/www.w3.org\/1999\/xlink\" id=\"thumbs-o-up\" viewBox=\"0 0 1536 1896.0833\">\r\n      <path d=\"M256 1344q0-26-19-45t-45-19-45 19-19 45 19 45 45 19 45-19 19-45zm1152-576q0-51-39-89.5t-89-38.5H928q0-58 48-159.5t48-160.5q0-98-32-145t-128-47q-26 26-38 85t-30.5 125.5T736 448q-22 23-77 91-4 5-23 30t-31.5 41-34.5 42.5-40 44-38.5 35.5-40 27-35.5 9h-32v640h32q13 0 31.5 3t33 6.5 38 11 35 11.5 35.5 12.5 29 10.5q211 73 342 73h121q192 0 192-167 0-26-5-56 30-16 47.5-52.5t17.5-73.5-18-69q53-50 53-119 0-25-10-55.5t-25-47.5q32-1 53.5-47t21.5-81zm128-1q0 89-49 163 9 33 9 69 0 77-38 144 3 21 3 43 0 101-60 178 1 139-85 219.5t-227 80.5H960q-96 0-189.5-22.5T554 1576q-116-40-138-40H128q-53 0-90.5-37.5T0 1408V768q0-53 37.5-90.5T128 640h274q36-24 137-155 58-75 107-128 24-25 35.5-85.5T712 145t62-108q39-37 90-37 84 0 151 32.5T1117 134t35 186q0 93-48 192h176q104 0 180 76t76 179z\"><\/path>\r\n    <\/svg><\/span><\/div>\r\n                <div data-colibri-id=\"34-c20\" class=\"h-global-transition-all h-heading style-358 style-local-34-c20 position-relative h-element\">\r\n                  <!---->\r\n                  <div class=\"h-heading__outer style-358 style-local-34-c20\">\r\n                    <!---->\r\n                    <!---->\r\n                    <h5 class=\"\">AGRADECIMIENTOS<\/h5>\r\n                  <\/div>\r\n                <\/div>\r\n                <div data-colibri-id=\"34-c21\" class=\"h-text h-text-component style-359 style-local-34-c21 position-relative h-element\">\r\n                  <!---->\r\n                  <!---->\r\n                  <div class=\"\">\r\n                    <p>Este sitio web es parte del proyecto PDC2021-121567-C21, financiado por MCIN\/AEI\/10.13039\/501100011033 y por la Uni\u00f3n Europea \u201cNextGenerationEU\u201d\/PRTR\u201d<\/p>\r\n                  <\/div>\r\n                <\/div>\r\n                <div data-colibri-id=\"34-c22\" class=\"h-row-container gutters-row-lg-1 gutters-row-md-1 gutters-row-0 gutters-row-v-lg-1 gutters-row-v-md-1 gutters-row-v-1 style-370 style-local-34-c22 position-relative\">\r\n                  <!---->\r\n                  <div class=\"h-row justify-content-lg-center justify-content-md-center justify-content-center align-items-lg-center align-items-md-center align-items-center gutters-col-lg-1 gutters-col-md-1 gutters-col-0 gutters-col-v-lg-1 gutters-col-v-md-1 gutters-col-v-1\">\r\n                    <!---->\r\n                    <div class=\"h-column h-column-container d-flex h-col-lg-auto h-col-md-auto h-col-auto align-self-lg-center align-self-md-center align-self-center style-371-outer style-local-34-c23-outer\">\r\n                      <div data-colibri-id=\"34-c23\" class=\"d-flex h-flex-basis h-column__inner h-px-lg-0 h-px-md-0 h-px-0 v-inner-lg-0 v-inner-md-0 v-inner-0 style-371 style-local-34-c23 position-relative\">\r\n                        <!---->\r\n                        <!---->\r\n                        <div class=\"w-100 h-y-container h-column__content h-column__v-align flex-basis-100 align-self-lg-start align-self-md-start align-self-start\">\r\n                          <!---->\r\n                          <div data-colibri-id=\"34-c24\" class=\"d-block style-375 style-local-34-c24 position-relative h-element\">\r\n                            <!---->\r\n                            <div class=\"h-image__frame-container-outer\">\r\n                              <div class=\"h-image__frame-container\">\r\n                                <!---->\r\n                                <!---->\r\n                                <img loading=\"lazy\" decoding=\"async\" width=\"481\" height=\"357\" src=\"https:\/\/iptc.upm.es\/simbat\/wp-content\/uploads\/2024\/12\/Logo_Ministerio_Ciencia_e_Innovacion-1-2785134004-removebg-preview-1.png\" class=\"wp-image-167 style-375-image style-local-34-c24-image\" alt=\"\" srcset=\"https:\/\/iptc.upm.es\/simbat\/wp-content\/uploads\/2024\/12\/Logo_Ministerio_Ciencia_e_Innovacion-1-2785134004-removebg-preview-1.png 481w, https:\/\/iptc.upm.es\/simbat\/wp-content\/uploads\/2024\/12\/Logo_Ministerio_Ciencia_e_Innovacion-1-2785134004-removebg-preview-1-300x223.png 300w\" sizes=\"auto, (max-width: 481px) 100vw, 481px\" \/>\r\n                                <div class=\"h-image__frame h-hide-lg h-hide-md h-hide-sm style-375-frameImage style-local-34-c24-frameImage\"><\/div>\r\n                              <\/div>\r\n                            <\/div>\r\n                          <\/div>\r\n                        <\/div>\r\n                      <\/div>\r\n                    <\/div>\r\n                    <div class=\"h-column h-column-container d-flex h-col-lg-auto h-col-md-auto h-col-auto align-self-lg-center align-self-md-center align-self-center style-372-outer style-local-34-c25-outer\">\r\n                      <div data-colibri-id=\"34-c25\" class=\"d-flex h-flex-basis h-column__inner h-px-lg-0 h-px-md-0 h-px-0 v-inner-lg-0 v-inner-md-0 v-inner-0 style-372 style-local-34-c25 position-relative\">\r\n                        <!---->\r\n                        <!---->\r\n                        <div class=\"w-100 h-y-container h-column__content h-column__v-align flex-basis-100 align-self-lg-start align-self-md-start align-self-start\">\r\n                          <!---->\r\n                          <div data-colibri-id=\"34-c26\" class=\"d-block style-376 style-local-34-c26 position-relative h-element\">\r\n                            <!---->\r\n                            <div class=\"h-image__frame-container-outer\">\r\n                              <div class=\"h-image__frame-container\">\r\n                                <!---->\r\n                                <!---->\r\n                                <img loading=\"lazy\" decoding=\"async\" width=\"464\" height=\"240\" src=\"https:\/\/iptc.upm.es\/simbat\/wp-content\/uploads\/2024\/12\/Captura_de_pantalla_2024-12-08_a_las_9.40.13-removebg-preview.png\" class=\"wp-image-168 style-376-image style-local-34-c26-image\" alt=\"\" srcset=\"https:\/\/iptc.upm.es\/simbat\/wp-content\/uploads\/2024\/12\/Captura_de_pantalla_2024-12-08_a_las_9.40.13-removebg-preview.png 464w, https:\/\/iptc.upm.es\/simbat\/wp-content\/uploads\/2024\/12\/Captura_de_pantalla_2024-12-08_a_las_9.40.13-removebg-preview-300x155.png 300w\" sizes=\"auto, (max-width: 464px) 100vw, 464px\" \/>\r\n                                <div class=\"h-image__frame h-hide-lg h-hide-md h-hide-sm style-376-frameImage style-local-34-c26-frameImage\"><\/div>\r\n                              <\/div>\r\n                            <\/div>\r\n                          <\/div>\r\n                        <\/div>\r\n                      <\/div>\r\n                    <\/div>\r\n                    <div class=\"h-column h-column-container d-flex h-col-lg-auto h-col-md-auto h-col-auto align-self-lg-center align-self-md-center align-self-center style-373-outer style-local-34-c27-outer\">\r\n                      <div data-colibri-id=\"34-c27\" class=\"d-flex h-flex-basis h-column__inner h-px-lg-0 h-px-md-0 h-px-0 v-inner-lg-0 v-inner-md-0 v-inner-0 style-373 style-local-34-c27 position-relative\">\r\n                        <!---->\r\n                        <!---->\r\n                        <div class=\"w-100 h-y-container h-column__content h-column__v-align flex-basis-100 align-self-lg-start align-self-md-start align-self-start\">\r\n                          <!---->\r\n                          <div data-colibri-id=\"34-c28\" class=\"d-block style-377 style-local-34-c28 position-relative h-element\">\r\n                            <!---->\r\n                            <div class=\"h-image__frame-container-outer\">\r\n                              <div class=\"h-image__frame-container\">\r\n                                <!---->\r\n                                <!---->\r\n                                <img loading=\"lazy\" decoding=\"async\" width=\"262\" height=\"371\" src=\"https:\/\/iptc.upm.es\/simbat\/wp-content\/uploads\/2024\/12\/cropped-logo_aei-removebg-preview-1.png\" class=\"wp-image-191 style-377-image style-local-34-c28-image\" alt=\"\" srcset=\"https:\/\/iptc.upm.es\/simbat\/wp-content\/uploads\/2024\/12\/cropped-logo_aei-removebg-preview-1.png 262w, https:\/\/iptc.upm.es\/simbat\/wp-content\/uploads\/2024\/12\/cropped-logo_aei-removebg-preview-1-212x300.png 212w\" sizes=\"auto, (max-width: 262px) 100vw, 262px\" \/>\r\n                                <div class=\"h-image__frame h-hide-lg h-hide-md h-hide-sm style-377-frameImage style-local-34-c28-frameImage\"><\/div>\r\n                              <\/div>\r\n                            <\/div>\r\n                          <\/div>\r\n                        <\/div>\r\n                      <\/div>\r\n                    <\/div>\r\n                  <\/div>\r\n                <\/div>\r\n              <\/div>\r\n            <\/div>\r\n          <\/div>\r\n          <div class=\"h-column h-column-container d-flex h-col-lg-4 h-col-md-4 h-col-12 style-356-outer style-local-34-c29-outer\">\r\n            <div data-colibri-id=\"34-c29\" class=\"d-flex h-flex-basis h-column__inner h-px-lg-2 h-px-md-3 h-px-2 v-inner-lg-0 v-inner-md-3 v-inner-2 style-356 style-local-34-c29 position-relative\">\r\n              <!---->\r\n              <!---->\r\n              <div class=\"w-100 h-y-container h-column__content h-column__v-align flex-basis-100 align-self-lg-start align-self-md-start align-self-start\">\r\n                <!---->\r\n                <div data-colibri-id=\"34-c30\" class=\"h-icon style-357 style-local-34-c30 position-relative h-element\">\r\n                  <!----><span class=\"h-svg-icon h-icon__icon style-357-icon style-local-34-c30-icon\"><!--Icon by Font Awesome (https:\/\/fontawesome.com)-->\r\n    <svg version=\"1.1\" xmlns=\"http:\/\/www.w3.org\/2000\/svg\" xmlns:xlink=\"http:\/\/www.w3.org\/1999\/xlink\" id=\"group\" viewBox=\"0 0 1920 1896.0833\">\r\n      <path d=\"M593 896q-162 5-265 128H194q-82 0-138-40.5T0 865q0-353 124-353 6 0 43.5 21t97.5 42.5T384 597q67 0 133-23-5 37-5 66 0 139 81 256zm1071 637q0 120-73 189.5t-194 69.5H523q-121 0-194-69.5T256 1533q0-53 3.5-103.5t14-109T300 1212t43-97.5 62-81 85.5-53.5T602 960q10 0 43 21.5t73 48 107 48 135 21.5 135-21.5 107-48 73-48 43-21.5q61 0 111.5 20t85.5 53.5 62 81 43 97.5 26.5 108.5 14 109 3.5 103.5zM640 256q0 106-75 181t-181 75-181-75-75-181 75-181T384 0t181 75 75 181zm704 384q0 159-112.5 271.5T960 1024 688.5 911.5 576 640t112.5-271.5T960 256t271.5 112.5T1344 640zm576 225q0 78-56 118.5t-138 40.5h-134q-103-123-265-128 81-117 81-256 0-29-5-66 66 23 133 23 59 0 119-21.5t97.5-42.5 43.5-21q124 0 124 353zm-128-609q0 106-75 181t-181 75-181-75-75-181 75-181 181-75 181 75 75 181z\"><\/path>\r\n    <\/svg><\/span><\/div>\r\n                <div data-colibri-id=\"34-c31\" class=\"h-global-transition-all h-heading style-358 style-local-34-c31 position-relative h-element\">\r\n                  <!---->\r\n                  <div class=\"h-heading__outer style-358 style-local-34-c31\">\r\n                    <!---->\r\n                    <!---->\r\n                    <h5 class=\"\">CONTACTOS<\/h5>\r\n                  <\/div>\r\n                <\/div>\r\n                <div data-colibri-id=\"34-c32\" class=\"h-text h-text-component style-359 style-local-34-c32 position-relative h-element\">\r\n                  <!---->\r\n                  <!---->\r\n                  <div class=\"\">\r\n                    <p>E.T.S.I. de Telecomunicaci\u00f3n\r\n                      <br> Avda. Complutense, n\u00ba 30\r\n                      <br> 28040 &#8211; Madrid\r\n                      <br> Spain<\/p>\r\n                    <p>\r\n                      <a href=\"https:\/\/iptc.upm.es\" class=\"customize-unpreviewable\">contact@iptc.upm.es<\/a>\r\n                    <\/p>\r\n                  <\/div>\r\n                <\/div>\r\n              <\/div>\r\n            <\/div>\r\n          <\/div>\r\n        <\/div>\r\n      <\/div>\r\n    <\/div>\r\n  <\/div>\r\n<\/div>","protected":false},"excerpt":{"rendered":"<p>SUBPROYECTO SIMBAT 1 El subproyecto SIMBAT 1, proyecto coordinador, est\u00e1 orientado a gestionar la consecuci\u00f3n de un producto m\u00ednimo viable que integre los resultados del previo UTMOST, ejerciendo una coordinaci\u00f3n efectiva de las actividades de innovaci\u00f3n y transferencia.&nbsp;Adem\u00e1s, busca consolidar los resultados de investigaci\u00f3n relacionados con: a)&nbsp;&nbsp;&nbsp;&nbsp;Arquitectura Cloud de gesti\u00f3n de flotas de drones. b)&nbsp;&nbsp;&nbsp;&nbsp;Simulador [&hellip;]<\/p>\n","protected":false},"author":1,"featured_media":0,"parent":0,"menu_order":0,"comment_status":"closed","ping_status":"closed","template":"page-templates\/homepage.php","meta":{"footnotes":""},"class_list":["post-34","page","type-page","status-publish","hentry"],"_links":{"self":[{"href":"https:\/\/iptc.upm.es\/simbat\/index.php\/wp-json\/wp\/v2\/pages\/34","targetHints":{"allow":["GET"]}}],"collection":[{"href":"https:\/\/iptc.upm.es\/simbat\/index.php\/wp-json\/wp\/v2\/pages"}],"about":[{"href":"https:\/\/iptc.upm.es\/simbat\/index.php\/wp-json\/wp\/v2\/types\/page"}],"author":[{"embeddable":true,"href":"https:\/\/iptc.upm.es\/simbat\/index.php\/wp-json\/wp\/v2\/users\/1"}],"replies":[{"embeddable":true,"href":"https:\/\/iptc.upm.es\/simbat\/index.php\/wp-json\/wp\/v2\/comments?post=34"}],"version-history":[{"count":19,"href":"https:\/\/iptc.upm.es\/simbat\/index.php\/wp-json\/wp\/v2\/pages\/34\/revisions"}],"predecessor-version":[{"id":303,"href":"https:\/\/iptc.upm.es\/simbat\/index.php\/wp-json\/wp\/v2\/pages\/34\/revisions\/303"}],"wp:attachment":[{"href":"https:\/\/iptc.upm.es\/simbat\/index.php\/wp-json\/wp\/v2\/media?parent=34"}],"curies":[{"name":"wp","href":"https:\/\/api.w.org\/{rel}","templated":true}]}}