{"id":6,"date":"2025-11-14T09:15:44","date_gmt":"2025-11-14T09:15:44","guid":{"rendered":"https:\/\/iptc.upm.es\/cactus\/index.php\/brite\/"},"modified":"2025-11-14T18:25:25","modified_gmt":"2025-11-14T18:25:25","slug":"brite","status":"publish","type":"page","link":"https:\/\/iptc.upm.es\/cactus\/","title":{"rendered":"Inicio"},"content":{"rendered":"<div data-colibri-id=\"6-c1\" class=\"style-186 style-local-6-c1 position-relative\">\n  <!---->\n  <div data-colibri-component=\"section\" data-colibri-id=\"6-c2\" id=\"content-2\" class=\"h-section h-section-global-spacing d-flex align-items-lg-center align-items-md-center align-items-center style-227 style-local-6-c2 position-relative\">\n    <!---->\n    <!---->\n    <div class=\"h-section-grid-container h-section-boxed-container\">\n      <!---->\n      <div data-colibri-id=\"6-c3\" class=\"h-row-container gutters-row-lg-2 gutters-row-md-2 gutters-row-2 gutters-row-v-lg-2 gutters-row-v-md-2 gutters-row-v-2 style-228 style-local-6-c3 position-relative\">\n        <!---->\n        <div class=\"h-row justify-content-lg-center justify-content-md-center justify-content-center align-items-lg-center align-items-md-center align-items-center gutters-col-lg-2 gutters-col-md-2 gutters-col-2 gutters-col-v-lg-2 gutters-col-v-md-2 gutters-col-v-2\">\n          <!---->\n          <div class=\"h-column h-column-container d-flex h-col-lg-auto h-col-md-auto h-col-auto align-self-lg-center align-self-md-center align-self-center style-229-outer style-local-6-c4-outer\">\n            <div data-colibri-id=\"6-c4\" class=\"d-flex h-flex-basis h-column__inner h-px-lg-2 h-px-md-2 h-px-2 v-inner-lg-2 v-inner-md-2 v-inner-2 style-229 style-local-6-c4 position-relative\">\n              <!---->\n              <!---->\n              <div class=\"w-100 h-y-container h-column__content h-column__v-align flex-basis-100 align-self-lg-center align-self-md-center align-self-center\">\n                <!---->\n                <div data-colibri-id=\"6-c5\" class=\"h-global-transition-all h-heading style-230 style-local-6-c5 position-relative h-element\">\n                  <!---->\n                  <div class=\"h-heading__outer style-230 style-local-6-c5\">\n                    <!---->\n                    <!---->\n                    <h2 class=\"\">Detalles del proyecto<\/h2>\n                  <\/div>\n                <\/div>\n                <div data-colibri-id=\"6-c6\" class=\"h-lead h-text h-text-component style-231 style-local-6-c6 position-relative h-element\">\n                  <!---->\n                  <!---->\n                  <div class=\"\">\n                    <p>El proyecto se ha centrado en la <strong>definici\u00f3n, dise\u00f1o, desarrollo y validaci\u00f3n de sistemas altamente automatizados para la gesti\u00f3n de operaciones a\u00e9reas en el entorno urbano<\/strong>, un \u00e1mbito en el que confluyen distintos tipos\n                      de tr\u00e1fico \u2014UTM y U-Space, movilidad a\u00e9rea urbana (UAM), tr\u00e1fico a\u00e9reo convencional (ATM) y operaciones tripuladas de emergencia\u2014 que deben integrarse bajo principios comunes de seguridad, eficiencia y coordinaci\u00f3n. El objetivo ha\n                      sido avanzar hacia un ecosistema urbano donde la movilidad a\u00e9rea forme parte natural de la infraestructura de transporte inteligente de la ciudad.\n                      <br>\n                      <br>En este marco, el proyecto concibe a <strong>las aeronaves, tanto tripuladas como no tripuladas, como nodos inteligentes de una red distribuida de informaci\u00f3n y transporte<\/strong>, capaces de generar datos relevantes, colaborar\n                      con otros sistemas y contribuir a la toma de decisiones urbanas. Esta visi\u00f3n posiciona a los veh\u00edculos a\u00e9reos como elementos esenciales de la ciudad inteligente, no solo para misiones de transporte o seguridad, sino tambi\u00e9n como\n                      sensores m\u00f3viles capaces de complementar la informaci\u00f3n procedente de la infraestructura urbana.\n                      <br>\n                      <br>Para ello, se han desarrollado <strong>arquitecturas abiertas y escalables para la adquisici\u00f3n, fusi\u00f3n, explotaci\u00f3n y visualizaci\u00f3n de datos a\u00e9reos y urbanos<\/strong>, permitiendo que la informaci\u00f3n generada por las aeronaves pueda\n                      ser procesada en tiempo real, compartida entre distintos actores y utilizada para gestionar operaciones complejas. Estas arquitecturas contemplan tanto el tratamiento t\u00e1ctico, cercano al tiempo real, como la generaci\u00f3n de informaci\u00f3n\n                      estrat\u00e9gica para an\u00e1lisis, predicci\u00f3n y planificaci\u00f3n a medio y largo plazo.\n                      <br>\n                      <br>El proyecto tambi\u00e9n ha impulsado avances significativos en <strong>m\u00e9todos de interacci\u00f3n, visualizaci\u00f3n y control<\/strong>, integrando t\u00e9cnicas de inteligencia artificial, an\u00e1lisis de contexto, visualizaci\u00f3n geoespacial avanzada,\n                      y soluciones inmersivas basadas en realidad virtual, aumentada y mixta. Estas tecnolog\u00edas permiten que operadores y responsables de toma de decisiones accedan a informaci\u00f3n compleja de manera intuitiva, facilitan la supervisi\u00f3n de\n                      operaciones a\u00e9reas en entorno urbano y permiten explorar escenarios de gesti\u00f3n de recursos, seguridad o movilidad de forma m\u00e1s eficaz. Asimismo, se han dise\u00f1ado interfaces y modelos de interacci\u00f3n multimodal \u2014gestos, voz, dispositivos\n                      m\u00f3viles y displays de gran formato\u2014 que ampl\u00edan las capacidades de supervisi\u00f3n y control del ecosistema U-Space\/UAM.\n                      <br>\n                      <br>El trabajo desarrollado ha permitido validar estas tecnolog\u00edas mediante <strong>demostradores y escenarios pr\u00e1cticos<\/strong>, combinando simulaci\u00f3n de alta fidelidad con vuelos en entornos controlados. Esto ha hecho posible evaluar\n                      el comportamiento de flotas, los procesos de planificaci\u00f3n y coordinaci\u00f3n, los algoritmos de separaci\u00f3n estrat\u00e9gica y t\u00e1ctica, y la integraci\u00f3n con servicios urbanos en tres dominios principales: transporte multimodal, urbanismo\n                      y seguridad. El proyecto ha incorporado un simulador h\u00edbrido que permite experimentar con operaciones en tiempo real combinando aeronaves simuladas y drones reales en entornos de laboratorio.\n                      <br>\n                      <br> En conjunto, el proyecto sienta las bases para una <strong>movilidad a\u00e9rea urbana segura, interoperable y plenamente integrada con las infraestructuras digitales de la ciudad<\/strong>, alineada con los avances europeos en U-Space\n                      y con las necesidades futuras de coordinaci\u00f3n entre sistemas ATM y UAM. Sus resultados contribuyen a la construcci\u00f3n de un ecosistema urbano donde drones y aeronaves automatizadas puedan operar de forma fiable, segura y coordinada,\n                      habilitando nuevos servicios y capacidades para la sociedad.\n                      <br>\n                    <\/p>\n                  <\/div>\n                <\/div>\n              <\/div>\n            <\/div>\n          <\/div>\n          <div class=\"h-column h-column-container d-flex h-col-lg-auto h-col-md-auto h-col-auto align-self-lg-center align-self-md-center align-self-center style-232-outer style-local-6-c7-outer\">\n            <div data-colibri-id=\"6-c7\" class=\"d-flex h-flex-basis h-column__inner h-px-lg-2 h-px-md-2 h-px-2 v-inner-lg-2 v-inner-md-2 v-inner-2 style-232 style-local-6-c7 position-relative\">\n              <!---->\n              <!---->\n              <div class=\"w-100 h-y-container h-column__content h-column__v-align flex-basis-100 align-self-lg-start align-self-md-start align-self-start\">\n                <!---->\n                <div data-colibri-id=\"6-c20\" class=\"d-block style-449 style-local-6-c20 position-relative h-element\">\n                  <!---->\n                  <div class=\"h-image__frame-container-outer\">\n                    <div class=\"h-image__frame-container\">\n                      <!---->\n                      <!---->\n                      <img loading=\"lazy\" decoding=\"async\" width=\"784\" height=\"1168\" src=\"https:\/\/iptc.upm.es\/cactus\/wp-content\/uploads\/2025\/11\/ea33e4ed-0bbc-4d51-b6a2-db2d293c2905.jpg\" class=\"wp-image-354 style-449-image style-local-6-c20-image\" alt=\"\" srcset=\"https:\/\/iptc.upm.es\/cactus\/wp-content\/uploads\/2025\/11\/ea33e4ed-0bbc-4d51-b6a2-db2d293c2905.jpg 784w, https:\/\/iptc.upm.es\/cactus\/wp-content\/uploads\/2025\/11\/ea33e4ed-0bbc-4d51-b6a2-db2d293c2905-201x300.jpg 201w, https:\/\/iptc.upm.es\/cactus\/wp-content\/uploads\/2025\/11\/ea33e4ed-0bbc-4d51-b6a2-db2d293c2905-687x1024.jpg 687w, https:\/\/iptc.upm.es\/cactus\/wp-content\/uploads\/2025\/11\/ea33e4ed-0bbc-4d51-b6a2-db2d293c2905-768x1144.jpg 768w\" sizes=\"auto, (max-width: 784px) 100vw, 784px\" \/>\n                      <div class=\"h-image__frame h-hide-lg h-hide-md h-hide-sm style-449-frameImage style-local-6-c20-frameImage\"><\/div>\n                    <\/div>\n                  <\/div>\n                <\/div>\n                <div data-colibri-id=\"6-c21\" class=\"d-block style-450 style-local-6-c21 position-relative h-element\">\n                  <!---->\n                  <div class=\"h-image__frame-container-outer\">\n                    <div class=\"h-image__frame-container\">\n                      <!---->\n                      <!---->\n                      <img loading=\"lazy\" decoding=\"async\" width=\"1536\" height=\"1024\" src=\"https:\/\/iptc.upm.es\/cactus\/wp-content\/uploads\/2025\/11\/ChatGPT-Image-14-nov-2025-19_24_53.png\" class=\"wp-image-364 style-450-image style-local-6-c21-image\" alt=\"\" srcset=\"https:\/\/iptc.upm.es\/cactus\/wp-content\/uploads\/2025\/11\/ChatGPT-Image-14-nov-2025-19_24_53.png 1536w, https:\/\/iptc.upm.es\/cactus\/wp-content\/uploads\/2025\/11\/ChatGPT-Image-14-nov-2025-19_24_53-300x200.png 300w, https:\/\/iptc.upm.es\/cactus\/wp-content\/uploads\/2025\/11\/ChatGPT-Image-14-nov-2025-19_24_53-1024x683.png 1024w, https:\/\/iptc.upm.es\/cactus\/wp-content\/uploads\/2025\/11\/ChatGPT-Image-14-nov-2025-19_24_53-768x512.png 768w\" sizes=\"auto, (max-width: 1536px) 100vw, 1536px\" \/>\n                      <div class=\"h-image__frame h-hide-lg h-hide-md h-hide-sm style-450-frameImage style-local-6-c21-frameImage\"><\/div>\n                    <\/div>\n                  <\/div>\n                <\/div>\n                <div data-colibri-id=\"6-c8\" class=\"d-block style-221 style-local-6-c8 position-relative h-element\">\n                  <!---->\n                  <div class=\"h-image__frame-container-outer\">\n                    <div class=\"h-image__frame-container\">\n                      <!---->\n                      <!---->\n                      <img loading=\"lazy\" decoding=\"async\" width=\"1536\" height=\"1024\" src=\"https:\/\/iptc.upm.es\/cactus\/wp-content\/uploads\/2025\/11\/cactus.png\" class=\"wp-image-59 style-221-image style-local-6-c8-image\" alt=\"\" srcset=\"https:\/\/iptc.upm.es\/cactus\/wp-content\/uploads\/2025\/11\/cactus.png 1536w, https:\/\/iptc.upm.es\/cactus\/wp-content\/uploads\/2025\/11\/cactus-300x200.png 300w, https:\/\/iptc.upm.es\/cactus\/wp-content\/uploads\/2025\/11\/cactus-1024x683.png 1024w, https:\/\/iptc.upm.es\/cactus\/wp-content\/uploads\/2025\/11\/cactus-768x512.png 768w\" sizes=\"auto, (max-width: 1536px) 100vw, 1536px\" \/>\n                      <div class=\"h-image__frame h-hide-lg h-hide-md h-hide-sm style-221-frameImage style-local-6-c8-frameImage\"><\/div>\n                    <\/div>\n                  <\/div>\n                <\/div>\n              <\/div>\n            <\/div>\n          <\/div>\n        <\/div>\n      <\/div>\n    <\/div>\n  <\/div>\n  <div data-colibri-component=\"section\" data-colibri-id=\"6-c9\" id=\"overlappable\" class=\"h-section h-section-global-spacing d-flex align-items-lg-center align-items-md-center align-items-center style-362 style-local-6-c9 position-relative\">\n    <!---->\n    <!---->\n    <div class=\"h-section-grid-container h-section-boxed-container\">\n      <!---->\n      <div data-colibri-id=\"6-c10\" class=\"h-row-container gutters-row-lg-2 gutters-row-md-0 gutters-row-2 gutters-row-v-lg-2 gutters-row-v-md-0 gutters-row-v-2 style-363 style-local-6-c10 position-relative\">\n        <!---->\n        <div class=\"h-row justify-content-lg-center justify-content-md-center justify-content-center align-items-lg-stretch align-items-md-stretch align-items-stretch gutters-col-lg-2 gutters-col-md-0 gutters-col-2 gutters-col-v-lg-2 gutters-col-v-md-0 gutters-col-v-2\">\n          <!---->\n          <div class=\"h-column h-column-container d-flex h-col-lg-6 h-col-md-6 h-col-12 style-364-outer style-local-6-c11-outer\">\n            <div data-colibri-id=\"6-c11\" class=\"d-flex h-flex-basis h-column__inner h-px-lg-2 h-px-md-3 h-px-2 v-inner-lg-0 v-inner-md-3 v-inner-2 style-364 style-local-6-c11 position-relative\">\n              <!---->\n              <!---->\n              <div class=\"w-100 h-y-container h-column__content h-column__v-align flex-basis-100 align-self-lg-start align-self-md-start align-self-start\">\n                <!---->\n                <div data-colibri-id=\"6-c12\" class=\"h-icon style-365 style-local-6-c12 position-relative h-element\">\n                  <!----><span class=\"h-svg-icon h-icon__icon style-365-icon style-local-6-c12-icon\"><!--Icon by Font Awesome (https:\/\/fontawesome.com)-->\n    <svg version=\"1.1\" xmlns=\"http:\/\/www.w3.org\/2000\/svg\" xmlns:xlink=\"http:\/\/www.w3.org\/1999\/xlink\" id=\"thumbs-o-up\" viewBox=\"0 0 1536 1896.0833\">\n      <path d=\"M256 1344q0-26-19-45t-45-19-45 19-19 45 19 45 45 19 45-19 19-45zm1152-576q0-51-39-89.5t-89-38.5H928q0-58 48-159.5t48-160.5q0-98-32-145t-128-47q-26 26-38 85t-30.5 125.5T736 448q-22 23-77 91-4 5-23 30t-31.5 41-34.5 42.5-40 44-38.5 35.5-40 27-35.5 9h-32v640h32q13 0 31.5 3t33 6.5 38 11 35 11.5 35.5 12.5 29 10.5q211 73 342 73h121q192 0 192-167 0-26-5-56 30-16 47.5-52.5t17.5-73.5-18-69q53-50 53-119 0-25-10-55.5t-25-47.5q32-1 53.5-47t21.5-81zm128-1q0 89-49 163 9 33 9 69 0 77-38 144 3 21 3 43 0 101-60 178 1 139-85 219.5t-227 80.5H960q-96 0-189.5-22.5T554 1576q-116-40-138-40H128q-53 0-90.5-37.5T0 1408V768q0-53 37.5-90.5T128 640h274q36-24 137-155 58-75 107-128 24-25 35.5-85.5T712 145t62-108q39-37 90-37 84 0 151 32.5T1117 134t35 186q0 93-48 192h176q104 0 180 76t76 179z\"><\/path>\n    <\/svg><\/span><\/div>\n                <div data-colibri-id=\"6-c13\" class=\"h-global-transition-all h-heading style-366 style-local-6-c13 position-relative h-element\">\n                  <!---->\n                  <div class=\"h-heading__outer style-366 style-local-6-c13\">\n                    <!---->\n                    <!---->\n                    <h5 class=\"\">AGRADECIMIENTOS<\/h5>\n                  <\/div>\n                <\/div>\n                <div data-colibri-id=\"6-c14\" class=\"h-text h-text-component style-367 style-local-6-c14 position-relative h-element\">\n                  <!---->\n                  <!---->\n                  <div class=\"\">\n                    <p>Este sitio web es parte del proyecto PID2020-118249RB-C21, financiado por MCIN\/ AEI\/ 10.13039\/501100011033\/<\/p>\n                  <\/div>\n                <\/div>\n                <div data-colibri-id=\"6-c15\" class=\"d-block style-368 style-local-6-c15 position-relative h-element\">\n                  <!---->\n                  <div class=\"h-image__frame-container-outer\">\n                    <div class=\"h-image__frame-container\">\n                      <!---->\n                      <!---->\n                      <img loading=\"lazy\" decoding=\"async\" width=\"2560\" height=\"860\" src=\"https:\/\/iptc.upm.es\/cactus\/wp-content\/uploads\/2025\/11\/Screenshot-2025-11-14-alle-11.16.44-scaled.png\" class=\"wp-image-147 style-368-image style-local-6-c15-image\" alt=\"\" srcset=\"https:\/\/iptc.upm.es\/cactus\/wp-content\/uploads\/2025\/11\/Screenshot-2025-11-14-alle-11.16.44-scaled.png 2560w, https:\/\/iptc.upm.es\/cactus\/wp-content\/uploads\/2025\/11\/Screenshot-2025-11-14-alle-11.16.44-300x101.png 300w, https:\/\/iptc.upm.es\/cactus\/wp-content\/uploads\/2025\/11\/Screenshot-2025-11-14-alle-11.16.44-1024x344.png 1024w, https:\/\/iptc.upm.es\/cactus\/wp-content\/uploads\/2025\/11\/Screenshot-2025-11-14-alle-11.16.44-768x258.png 768w, https:\/\/iptc.upm.es\/cactus\/wp-content\/uploads\/2025\/11\/Screenshot-2025-11-14-alle-11.16.44-1536x516.png 1536w, https:\/\/iptc.upm.es\/cactus\/wp-content\/uploads\/2025\/11\/Screenshot-2025-11-14-alle-11.16.44-2048x688.png 2048w\" sizes=\"auto, (max-width: 2560px) 100vw, 2560px\" \/>\n                      <div class=\"h-image__frame h-hide-lg h-hide-md h-hide-sm style-368-frameImage style-local-6-c15-frameImage\"><\/div>\n                    <\/div>\n                  <\/div>\n                <\/div>\n              <\/div>\n            <\/div>\n          <\/div>\n          <div class=\"h-column h-column-container d-flex h-col-lg-6 h-col-md-6 h-col-12 style-364-outer style-local-6-c16-outer\">\n            <div data-colibri-id=\"6-c16\" class=\"d-flex h-flex-basis h-column__inner h-px-lg-2 h-px-md-3 h-px-2 v-inner-lg-0 v-inner-md-3 v-inner-2 style-364 style-local-6-c16 position-relative\">\n              <!---->\n              <!---->\n              <div class=\"w-100 h-y-container h-column__content h-column__v-align flex-basis-100 align-self-lg-start align-self-md-start align-self-start\">\n                <!---->\n                <div data-colibri-id=\"6-c17\" class=\"h-icon style-365 style-local-6-c17 position-relative h-element\">\n                  <!----><span class=\"h-svg-icon h-icon__icon style-365-icon style-local-6-c17-icon\"><!--Icon by Font Awesome (https:\/\/fontawesome.com)-->\n    <svg version=\"1.1\" xmlns=\"http:\/\/www.w3.org\/2000\/svg\" xmlns:xlink=\"http:\/\/www.w3.org\/1999\/xlink\" id=\"group\" viewBox=\"0 0 1920 1896.0833\">\n      <path d=\"M593 896q-162 5-265 128H194q-82 0-138-40.5T0 865q0-353 124-353 6 0 43.5 21t97.5 42.5T384 597q67 0 133-23-5 37-5 66 0 139 81 256zm1071 637q0 120-73 189.5t-194 69.5H523q-121 0-194-69.5T256 1533q0-53 3.5-103.5t14-109T300 1212t43-97.5 62-81 85.5-53.5T602 960q10 0 43 21.5t73 48 107 48 135 21.5 135-21.5 107-48 73-48 43-21.5q61 0 111.5 20t85.5 53.5 62 81 43 97.5 26.5 108.5 14 109 3.5 103.5zM640 256q0 106-75 181t-181 75-181-75-75-181 75-181T384 0t181 75 75 181zm704 384q0 159-112.5 271.5T960 1024 688.5 911.5 576 640t112.5-271.5T960 256t271.5 112.5T1344 640zm576 225q0 78-56 118.5t-138 40.5h-134q-103-123-265-128 81-117 81-256 0-29-5-66 66 23 133 23 59 0 119-21.5t97.5-42.5 43.5-21q124 0 124 353zm-128-609q0 106-75 181t-181 75-181-75-75-181 75-181 181-75 181 75 75 181z\"><\/path>\n    <\/svg><\/span><\/div>\n                <div data-colibri-id=\"6-c18\" class=\"h-global-transition-all h-heading style-366 style-local-6-c18 position-relative h-element\">\n                  <!---->\n                  <div class=\"h-heading__outer style-366 style-local-6-c18\">\n                    <!---->\n                    <!---->\n                    <h5 class=\"\">CONTACTOS<\/h5>\n                  <\/div>\n                <\/div>\n                <div data-colibri-id=\"6-c19\" class=\"h-text h-text-component style-367 style-local-6-c19 position-relative h-element\">\n                  <!---->\n                  <!---->\n                  <div class=\"\">\n                    <p>E.T.S.I. de Telecomunicaci\u00f3n\n                      <br> Avda. Complutense, n\u00ba 30\n                      <br> 28040 \u2013 Madrid\n                      <br> Spain<\/p>\n                    <p>\n                      <a href=\"https:\/\/iptc.upm.es\">contact@iptc.upm.es<\/a>\n                    <\/p>\n                  <\/div>\n                <\/div>\n              <\/div>\n            <\/div>\n          <\/div>\n        <\/div>\n      <\/div>\n    <\/div>\n  <\/div>\n<\/div>","protected":false},"excerpt":{"rendered":"<p>Detalles del proyecto El proyecto se ha centrado en la definici\u00f3n, dise\u00f1o, desarrollo y validaci\u00f3n de sistemas altamente automatizados para la gesti\u00f3n de operaciones a\u00e9reas en el entorno urbano, un \u00e1mbito en el que confluyen distintos tipos de tr\u00e1fico \u2014UTM y U-Space, movilidad a\u00e9rea urbana (UAM), tr\u00e1fico a\u00e9reo convencional (ATM) y operaciones tripuladas de emergencia\u2014 [&hellip;]<\/p>\n","protected":false},"author":1,"featured_media":0,"parent":0,"menu_order":0,"comment_status":"closed","ping_status":"closed","template":"page-templates\/homepage.php","meta":{"footnotes":""},"class_list":["post-6","page","type-page","status-publish","hentry"],"_links":{"self":[{"href":"https:\/\/iptc.upm.es\/cactus\/index.php\/wp-json\/wp\/v2\/pages\/6","targetHints":{"allow":["GET"]}}],"collection":[{"href":"https:\/\/iptc.upm.es\/cactus\/index.php\/wp-json\/wp\/v2\/pages"}],"about":[{"href":"https:\/\/iptc.upm.es\/cactus\/index.php\/wp-json\/wp\/v2\/types\/page"}],"author":[{"embeddable":true,"href":"https:\/\/iptc.upm.es\/cactus\/index.php\/wp-json\/wp\/v2\/users\/1"}],"replies":[{"embeddable":true,"href":"https:\/\/iptc.upm.es\/cactus\/index.php\/wp-json\/wp\/v2\/comments?post=6"}],"version-history":[{"count":18,"href":"https:\/\/iptc.upm.es\/cactus\/index.php\/wp-json\/wp\/v2\/pages\/6\/revisions"}],"predecessor-version":[{"id":367,"href":"https:\/\/iptc.upm.es\/cactus\/index.php\/wp-json\/wp\/v2\/pages\/6\/revisions\/367"}],"wp:attachment":[{"href":"https:\/\/iptc.upm.es\/cactus\/index.php\/wp-json\/wp\/v2\/media?parent=6"}],"curies":[{"name":"wp","href":"https:\/\/api.w.org\/{rel}","templated":true}]}}